{"id":581,"date":"2022-12-02T19:39:14","date_gmt":"2022-12-02T17:39:14","guid":{"rendered":"https:\/\/kutomopark.fi\/services\/"},"modified":"2022-12-12T11:12:29","modified_gmt":"2022-12-12T09:12:29","slug":"services","status":"publish","type":"page","link":"https:\/\/kutomopark.fi\/en\/services\/","title":{"rendered":"Services"},"content":{"rendered":"<div class=\"wpb-content-wrapper\"><p>[vc_row row_height_percent=&#8221;0&#8243; override_padding=&#8221;yes&#8221; h_padding=&#8221;2&#8243; top_padding=&#8221;2&#8243; bottom_padding=&#8221;4&#8243; overlay_alpha=&#8221;50&#8243; gutter_size=&#8221;3&#8243; column_width_percent=&#8221;100&#8243; shift_y=&#8221;0&#8243; z_index=&#8221;0&#8243; uncode_shortcode_id=&#8221;572981&#8243;][vc_column column_width_percent=&#8221;100&#8243; gutter_size=&#8221;4&#8243; overlay_alpha=&#8221;50&#8243; shift_x=&#8221;0&#8243; shift_y=&#8221;0&#8243; shift_y_down=&#8221;0&#8243; z_index=&#8221;0&#8243; medium_width=&#8221;0&#8243; mobile_width=&#8221;0&#8243; width=&#8221;1\/1&#8243;][vc_row_inner row_inner_height_percent=&#8221;0&#8243; overlay_alpha=&#8221;50&#8243; gutter_size=&#8221;3&#8243; shift_y=&#8221;0&#8243; z_index=&#8221;0&#8243; limit_content=&#8221;&#8221; uncode_shortcode_id=&#8221;947493&#8243;][vc_column_inner column_width_use_pixel=&#8221;yes&#8221; align_horizontal=&#8221;align_center&#8221; gutter_size=&#8221;1&#8243; overlay_alpha=&#8221;50&#8243; shift_x=&#8221;0&#8243; shift_y=&#8221;0&#8243; shift_y_down=&#8221;0&#8243; z_index=&#8221;0&#8243; medium_width=&#8221;0&#8243; mobile_width=&#8221;0&#8243; width=&#8221;1\/1&#8243; column_width_pixel=&#8221;700&#8243;][vc_custom_heading heading_semantic=&#8221;h3&#8243; text_size=&#8221;h1&#8243; uncode_shortcode_id=&#8221;326505&#8243;]Welcome to explore Kutomo&#8217;s versatile services[\/vc_custom_heading][\/vc_column_inner][\/vc_row_inner][vc_icon icon=&#8221;fa fa-map-marker&#8221; icon_color=&#8221;color-115358&#8243; size=&#8221;fa-3x&#8221; text_size=&#8221;h4&#8243; title=&#8221;Central location&#8221; uncode_shortcode_id=&#8221;105131&#8243; icon_color_type=&#8221;uncode-palette&#8221;]Kutomo Business Park is located in Pit\u00e4j\u00e4nm\u00e4ki, Helsinki, along good public transport links. The location is central whether you come from Espoo, Vantaa or Helsinki.[\/vc_icon][vc_icon icon=&#8221;fa fa-wine&#8221; icon_color=&#8221;color-115358&#8243; size=&#8221;fa-3x&#8221; text_size=&#8221;h4&#8243; title=&#8221;Sauna and party premises&#8221; uncode_shortcode_id=&#8221;142089&#8243; icon_color_type=&#8221;uncode-palette&#8221;]The luxurious and spacious sauna department offers a more informal setting for both customer and corporate events. Located on the top floor of Kutomo Business Park, the representative sauna premise offers facilities for events for groups of about 30-40 people. The windows offer a magnificent view of Tali sports park and golf course.<\/p>\n<p>Find out more about Kutomo&#8217;s sauna and party facilities on our NiemcoWork page.<a href=\"https:\/\/niemcowork.fi\/edustustilat\/kutomon-edustustilat\/\"><\/a><\/p>\n<p>You can book Kutomo&#8217;s sauna facility from Kutomo&#8217;s reception: aula@kutomopark.fi or by phone +358 (0) 50 5843 214[\/vc_icon][vc_raw_html]JTNDaWZyYW1lJTIwc3R5bGUlM0QlMjJ3aWR0aCUzQTEwMCUyNSUyMiUyMHNyYyUzRCUyMmh0dHBzJTNBJTJGJTJGd3d3Lmdvb2dsZS5jb20lMkZtYXBzJTJGZW1iZWQlM0ZwYiUzRCUyMTR2MTU1NTI0NDczNjQ0OCUyMTZtOCUyMTFtNyUyMTFzQ0FvU0xFRkdNVkZwY0ZCV0xXbE1abGgwTjI5eFUzRktPSFpwYVZoUGFrVm5WRkF6YXpoSE5tMVZURzU1TVZVNCUyMTJtMiUyMTFkNjAuMjE1Nzg0MTEwMTc4MTUlMjEyZDI0Ljg2ODcxMTk2OTE0NTI0JTIxM2YxODQuOTclMjE0Zi0yLjkzOTk5OTk5OTk5OTk5NzclMjE1ZjEuOTgzNjk5NjU4NTc3MjMxJTIyJTIwd2lkdGglM0QlMjI2MDAlMjIlMjBoZWlnaHQlM0QlMjI0NTAlMjIlMjBmcmFtZWJvcmRlciUzRCUyMjAlMjIlMjBzdHlsZSUzRCUyMmJvcmRlciUzQTAlMjIlMjBhbGxvd2Z1bGxzY3JlZW4lM0UlM0MlMkZpZnJhbWUlM0UlMEE=[\/vc_raw_html][vc_icon icon=&#8221;fa fa-building-o&#8221; icon_color=&#8221;color-115358&#8243; size=&#8221;fa-3x&#8221; text_size=&#8221;h4&#8243; title=&#8221;Flexible and scalable premises&#8221; uncode_shortcode_id=&#8221;171712&#8243; icon_color_type=&#8221;uncode-palette&#8221;]Kutomo Business Park\u2019s premises are able to grow and adapt flexibly according to the needs of companies. Kutomo Business Park\u2019s flexible facilities are suitable for companies for years to come.<\/p>\n<p>Read more about Kutomo\u2019s small offices on our NiemcoWork page.<a href=\"https:\/\/niemcowork.fi\/toimistohotellit\/kutomo\/\"><\/a>[\/vc_icon][vc_icon icon=&#8221;fa fa-handshake-o&#8221; icon_color=&#8221;color-115358&#8243; size=&#8221;fa-3x&#8221; text_size=&#8221;h4&#8243; title=&#8221;Meeting rooms&#8221; uncode_shortcode_id=&#8221;206757&#8243; icon_color_type=&#8221;uncode-palette&#8221;]Kutomo Business Park&#8217;s high-quality conference centre offers conference, training and meeting rooms of various sizes equipped with audio-visual equipment and they can be rented either on an hourly basis or for the whole day.<\/p>\n<p>N.B! You can book meeting rooms via Kutomo&#8217;s intranet or from the reception<\/p>\n<p>Tel. +358 (0) 50 5843 214 or aula@kutomopark.fi[\/vc_icon][vc_icon icon=&#8221;fa fa-comments&#8221; icon_color=&#8221;color-115358&#8243; size=&#8221;fa-3x&#8221; text_size=&#8221;h4&#8243; title=&#8221;Network&#8221; uncode_shortcode_id=&#8221;172992&#8243; icon_color_type=&#8221;uncode-palette&#8221;]Kutomo&#8217;s communal premises provide an excellent ground for networking. Companies of multiple industries find each other under one roof and networking has never been easier.<\/p>\n<p>In communal spaces, arranging customer meetings and internal meetings of companies is effortless. At Kutomo the customers are in good hands because the flow of information is immediate and efficient.[\/vc_icon][vc_icon icon=&#8221;fa fa-dinner&#8221; icon_color=&#8221;color-115358&#8243; size=&#8221;fa-3x&#8221; text_size=&#8221;h4&#8243; title=&#8221;Staff restaurant&#8221; uncode_shortcode_id=&#8221;183590&#8243; icon_color_type=&#8221;uncode-palette&#8221;]Located on the sixth floor, the restaurant offers diners not only a tasty and affordable meal, but also spectacular views.<\/p>\n<p>Follow the link below to explore the lunch options for the day (in Finnish):[\/vc_icon][vc_button button_color=&#8221;color-115358&#8243; size=&#8221;btn-lg&#8221; border_width=&#8221;0&#8243; button_color_type=&#8221;uncode-palette&#8221; uncode_shortcode_id=&#8221;478247&#8243; link=&#8221;url:https%3A%2F%2Fravintolafactory.com%2Flounasravintolat%2Fravintolat%2Fhelsinki-tali%2F&#8221; el_id=&#8221;lounascta&#8221;]Lounaslista[\/vc_button][vc_icon icon=&#8221;fa fa-profile-female&#8221; icon_color=&#8221;color-115358&#8243; size=&#8221;fa-3x&#8221; text_size=&#8221;h4&#8243; title=&#8221;Reception&#8221; uncode_shortcode_id=&#8221;678452&#8243; icon_color_type=&#8221;uncode-palette&#8221;]The friendly receptionist welcomes your company&#8217;s guests, handles conference room reservations and provides guidance in matters related to the property. As an additional service, it is also possible to manage your company&#8217;s postal services or telephone exchange from the reception.<\/p>\n<p>Contact Miika Niemi, tel. +358 (0) 400 650 991 or miika.niemi@niemco.fi.[\/vc_icon][vc_raw_html]JTNDaWZyYW1lJTIwc3R5bGUlM0QlMjJ3aWR0aCUzQTEwMCUyNSUyMiUyMHNyYyUzRCUyMmh0dHBzJTNBJTJGJTJGd3d3Lmdvb2dsZS5jb20lMkZtYXBzJTJGZW1iZWQlM0ZwYiUzRCUyMTFtMCUyMTNtMiUyMTFzZW4lMjEyc210JTIxNHYxNDc2OTkwNDYxMTYwJTIxNm04JTIxMW03JTIxMXMzZ1VoelZENDNuSUFBQVExeThoeDl3JTIxMm0yJTIxMWQ2MC4yMTYwOTI5NjcyMTc5OSUyMTJkMjQuODY5NTc1NTQ0OTYxNDQlMjEzZjMyMS45MzAyODA0NTg1ODAwNiUyMTRmLTQuMzE1NjcxNDY5MjgyODYxNSUyMTVmMC43ODIwODY1OTc0NjI3NDY5JTIyJTIwd2lkdGglM0QlMjI2MDAlMjIlMjBoZWlnaHQlM0QlMjI0NTAlMjIlMjBmcmFtZWJvcmRlciUzRCUyMjAlMjIlMjBzdHlsZSUzRCUyMmJvcmRlciUzQTAlMjIlMjBhbGxvd2Z1bGxzY3JlZW4lM0UlM0MlMkZpZnJhbWUlM0UlMEE=[\/vc_raw_html][vc_icon icon=&#8221;fa fa-heartbeat&#8221; icon_color=&#8221;color-115358&#8243; size=&#8221;fa-3x&#8221; text_size=&#8221;h4&#8243; title=&#8221;Free gym&#8221; uncode_shortcode_id=&#8221;146092&#8243; icon_color_type=&#8221;uncode-palette&#8221;]The tenants of Kutomo Business Park have at their disposal a bright and spacious gym equipped with modern equipment.<\/p>\n<p>Gym training provides a nice counterbalance to office work and helps you cope better at work.[\/vc_icon][vc_raw_html]JTNDaWZyYW1lJTIwc3R5bGUlM0QlMjJ3aWR0aCUzQTEwMCUyNSUyMiUyMHNyYyUzRCUyMmh0dHBzJTNBJTJGJTJGd3d3Lmdvb2dsZS5jb20lMkZtYXBzJTJGZW1iZWQlM0ZwYiUzRCUyMTFtMCUyMTNtMiUyMTFzZW4lMjEyc210JTIxNHYxNDc2OTkwMTg4OTU4JTIxNm04JTIxMW03JTIxMXNPX2xUdXVudUMxNEFBQVExeThoeU5nJTIxMm0yJTIxMWQ2MC4yMTYxMjE0Mzg4MzQzNSUyMTJkMjQuODY4NTg2MjI1ODUyNDglMjEzZjE5Mi43NTk1NDQ3NjkxMTIzOCUyMTRmLTE0LjI0NDA5NDM5NDM4MDI1NSUyMTVmMC43ODIwODY1OTc0NjI3NDY5JTIyJTIwd2lkdGglM0QlMjI2MDAlMjIlMjBoZWlnaHQlM0QlMjI0NTAlMjIlMjBmcmFtZWJvcmRlciUzRCUyMjAlMjIlMjBzdHlsZSUzRCUyMmJvcmRlciUzQTAlMjIlMjBhbGxvd2Z1bGxzY3JlZW4lM0UlM0MlMkZpZnJhbWUlM0UlMEE=[\/vc_raw_html][vc_icon icon=&#8221;fa fa-automobile&#8221; icon_color=&#8221;color-115358&#8243; size=&#8221;fa-3x&#8221; text_size=&#8221;h4&#8243; title=&#8221;Covered parking space&#8221; uncode_shortcode_id=&#8221;265388&#8243; icon_color_type=&#8221;uncode-palette&#8221;]Kutomo Business Park has plenty of covered parking space in the building&#8217;s basement floors, which are easy to access even in bad weather. The covered parking space also protects the car from the summer heat and saves time on winter days.[\/vc_icon][vc_icon icon=&#8221;fa fa-group&#8221; icon_color=&#8221;color-115358&#8243; size=&#8221;fa-3x&#8221; text_size=&#8221;h4&#8243; title=&#8221;User services&#8221; uncode_shortcode_id=&#8221;995777&#8243; icon_color_type=&#8221;uncode-palette&#8221;]In case the tenant does not want to make direct separate user service agreements themselves, the tenant of Kutomo Business Park has the opportunity to acquire all the user services they need with only one contract. Kutomo&#8217;s managed user service agreement can include, for example, cleaning, photocopying, beverage vending machine, greenery, mailing, switchboard and office assistant services and, if necessary, office supplies. User services are always tailored according to the customer&#8217;s needs.<\/p>\n<p>Contact sales tel. +358 (0) 400 650 991 \/ miika.niemi@niemco.fi[\/vc_icon][\/vc_column][\/vc_row]<\/p>\n<\/div>","protected":false},"excerpt":{"rendered":"<p>[vc_row row_height_percent=&#8221;0&#8243; override_padding=&#8221;yes&#8221; h_padding=&#8221;2&#8243; top_padding=&#8221;2&#8243; bottom_padding=&#8221;4&#8243; overlay_alpha=&#8221;50&#8243; gutter_size=&#8221;3&#8243; column_width_percent=&#8221;100&#8243; shift_y=&#8221;0&#8243; z_index=&#8221;0&#8243; uncode_shortcode_id=&#8221;572981&#8243;][vc_column column_width_percent=&#8221;100&#8243; gutter_size=&#8221;4&#8243; overlay_alpha=&#8221;50&#8243; shift_x=&#8221;0&#8243; shift_y=&#8221;0&#8243; shift_y_down=&#8221;0&#8243; z_index=&#8221;0&#8243; medium_width=&#8221;0&#8243; [&hellip;]<\/p>\n","protected":false},"author":1,"featured_media":0,"parent":0,"menu_order":0,"comment_status":"closed","ping_status":"closed","template":"","meta":{"footnotes":""},"class_list":["post-581","page","type-page","status-publish","hentry"],"yoast_head":"<!-- This site is optimized with the Yoast SEO Premium plugin v26.6 (Yoast SEO v27.3) - https:\/\/yoast.com\/product\/yoast-seo-premium-wordpress\/ -->\n<title>Services - Kutomo Business Park<\/title>\n<meta name=\"robots\" content=\"index, follow, max-snippet:-1, max-image-preview:large, max-video-preview:-1\" \/>\n<link rel=\"canonical\" href=\"https:\/\/kutomopark.fi\/en\/services\/\" \/>\n<meta property=\"og:locale\" content=\"en_US\" \/>\n<meta property=\"og:type\" content=\"article\" \/>\n<meta property=\"og:title\" content=\"Services\" \/>\n<meta property=\"og:description\" content=\"[vc_row row_height_percent=&#8221;0&#8243; override_padding=&#8221;yes&#8221; h_padding=&#8221;2&#8243; top_padding=&#8221;2&#8243; bottom_padding=&#8221;4&#8243; overlay_alpha=&#8221;50&#8243; gutter_size=&#8221;3&#8243; column_width_percent=&#8221;100&#8243; shift_y=&#8221;0&#8243; z_index=&#8221;0&#8243; uncode_shortcode_id=&#8221;572981&#8243;][vc_column column_width_percent=&#8221;100&#8243; gutter_size=&#8221;4&#8243; overlay_alpha=&#8221;50&#8243; shift_x=&#8221;0&#8243; shift_y=&#8221;0&#8243; shift_y_down=&#8221;0&#8243; z_index=&#8221;0&#8243; medium_width=&#8221;0&#8243; [&hellip;]\" \/>\n<meta property=\"og:url\" content=\"https:\/\/kutomopark.fi\/en\/services\/\" \/>\n<meta property=\"og:site_name\" content=\"Kutomo Business Park\" \/>\n<meta property=\"article:publisher\" content=\"https:\/\/www.facebook.com\/pages\/Kutomo-Business-Park\/195405337708972\" \/>\n<meta property=\"article:modified_time\" content=\"2022-12-12T09:12:29+00:00\" \/>\n<meta name=\"twitter:card\" content=\"summary_large_image\" \/>\n<meta name=\"twitter:label1\" content=\"Est. reading time\" \/>\n\t<meta name=\"twitter:data1\" content=\"6 minutes\" \/>\n<script type=\"application\/ld+json\" class=\"yoast-schema-graph\">{\"@context\":\"https:\\\/\\\/schema.org\",\"@graph\":[{\"@type\":\"WebPage\",\"@id\":\"https:\\\/\\\/kutomopark.fi\\\/en\\\/services\\\/\",\"url\":\"https:\\\/\\\/kutomopark.fi\\\/en\\\/services\\\/\",\"name\":\"Services - Kutomo Business Park\",\"isPartOf\":{\"@id\":\"https:\\\/\\\/kutomopark.fi\\\/en\\\/#website\"},\"datePublished\":\"2022-12-02T17:39:14+00:00\",\"dateModified\":\"2022-12-12T09:12:29+00:00\",\"breadcrumb\":{\"@id\":\"https:\\\/\\\/kutomopark.fi\\\/en\\\/services\\\/#breadcrumb\"},\"inLanguage\":\"en-US\",\"potentialAction\":[{\"@type\":\"ReadAction\",\"target\":[\"https:\\\/\\\/kutomopark.fi\\\/en\\\/services\\\/\"]}]},{\"@type\":\"BreadcrumbList\",\"@id\":\"https:\\\/\\\/kutomopark.fi\\\/en\\\/services\\\/#breadcrumb\",\"itemListElement\":[{\"@type\":\"ListItem\",\"position\":1,\"name\":\"Home\",\"item\":\"https:\\\/\\\/kutomopark.fi\\\/en\\\/\"},{\"@type\":\"ListItem\",\"position\":2,\"name\":\"Services\"}]},{\"@type\":\"WebSite\",\"@id\":\"https:\\\/\\\/kutomopark.fi\\\/en\\\/#website\",\"url\":\"https:\\\/\\\/kutomopark.fi\\\/en\\\/\",\"name\":\"Kutomo Business Park\",\"description\":\"Toimitilat Helsingiss\u00e4 | Office in Helsinki\",\"publisher\":{\"@id\":\"https:\\\/\\\/kutomopark.fi\\\/en\\\/#organization\"},\"potentialAction\":[{\"@type\":\"SearchAction\",\"target\":{\"@type\":\"EntryPoint\",\"urlTemplate\":\"https:\\\/\\\/kutomopark.fi\\\/en\\\/?s={search_term_string}\"},\"query-input\":{\"@type\":\"PropertyValueSpecification\",\"valueRequired\":true,\"valueName\":\"search_term_string\"}}],\"inLanguage\":\"en-US\"},{\"@type\":\"Organization\",\"@id\":\"https:\\\/\\\/kutomopark.fi\\\/en\\\/#organization\",\"name\":\"Kutomo Business Park\",\"url\":\"https:\\\/\\\/kutomopark.fi\\\/en\\\/\",\"logo\":{\"@type\":\"ImageObject\",\"inLanguage\":\"en-US\",\"@id\":\"https:\\\/\\\/kutomopark.fi\\\/en\\\/#\\\/schema\\\/logo\\\/image\\\/\",\"url\":\"https:\\\/\\\/kutomopark.fi\\\/wp-content\\\/uploads\\\/2022\\\/12\\\/Kutomo.png\",\"contentUrl\":\"https:\\\/\\\/kutomopark.fi\\\/wp-content\\\/uploads\\\/2022\\\/12\\\/Kutomo.png\",\"width\":416,\"height\":210,\"caption\":\"Kutomo Business Park\"},\"image\":{\"@id\":\"https:\\\/\\\/kutomopark.fi\\\/en\\\/#\\\/schema\\\/logo\\\/image\\\/\"},\"sameAs\":[\"https:\\\/\\\/www.facebook.com\\\/pages\\\/Kutomo-Business-Park\\\/195405337708972\"]}]}<\/script>\n<!-- \/ Yoast SEO Premium plugin. -->","yoast_head_json":{"title":"Services - Kutomo Business Park","robots":{"index":"index","follow":"follow","max-snippet":"max-snippet:-1","max-image-preview":"max-image-preview:large","max-video-preview":"max-video-preview:-1"},"canonical":"https:\/\/kutomopark.fi\/en\/services\/","og_locale":"en_US","og_type":"article","og_title":"Services","og_description":"[vc_row row_height_percent=&#8221;0&#8243; override_padding=&#8221;yes&#8221; h_padding=&#8221;2&#8243; top_padding=&#8221;2&#8243; bottom_padding=&#8221;4&#8243; overlay_alpha=&#8221;50&#8243; gutter_size=&#8221;3&#8243; column_width_percent=&#8221;100&#8243; shift_y=&#8221;0&#8243; z_index=&#8221;0&#8243; uncode_shortcode_id=&#8221;572981&#8243;][vc_column column_width_percent=&#8221;100&#8243; gutter_size=&#8221;4&#8243; overlay_alpha=&#8221;50&#8243; shift_x=&#8221;0&#8243; shift_y=&#8221;0&#8243; shift_y_down=&#8221;0&#8243; z_index=&#8221;0&#8243; medium_width=&#8221;0&#8243; [&hellip;]","og_url":"https:\/\/kutomopark.fi\/en\/services\/","og_site_name":"Kutomo Business Park","article_publisher":"https:\/\/www.facebook.com\/pages\/Kutomo-Business-Park\/195405337708972","article_modified_time":"2022-12-12T09:12:29+00:00","twitter_card":"summary_large_image","twitter_misc":{"Est. reading time":"6 minutes"},"schema":{"@context":"https:\/\/schema.org","@graph":[{"@type":"WebPage","@id":"https:\/\/kutomopark.fi\/en\/services\/","url":"https:\/\/kutomopark.fi\/en\/services\/","name":"Services - Kutomo Business Park","isPartOf":{"@id":"https:\/\/kutomopark.fi\/en\/#website"},"datePublished":"2022-12-02T17:39:14+00:00","dateModified":"2022-12-12T09:12:29+00:00","breadcrumb":{"@id":"https:\/\/kutomopark.fi\/en\/services\/#breadcrumb"},"inLanguage":"en-US","potentialAction":[{"@type":"ReadAction","target":["https:\/\/kutomopark.fi\/en\/services\/"]}]},{"@type":"BreadcrumbList","@id":"https:\/\/kutomopark.fi\/en\/services\/#breadcrumb","itemListElement":[{"@type":"ListItem","position":1,"name":"Home","item":"https:\/\/kutomopark.fi\/en\/"},{"@type":"ListItem","position":2,"name":"Services"}]},{"@type":"WebSite","@id":"https:\/\/kutomopark.fi\/en\/#website","url":"https:\/\/kutomopark.fi\/en\/","name":"Kutomo Business Park","description":"Toimitilat Helsingiss\u00e4 | Office in Helsinki","publisher":{"@id":"https:\/\/kutomopark.fi\/en\/#organization"},"potentialAction":[{"@type":"SearchAction","target":{"@type":"EntryPoint","urlTemplate":"https:\/\/kutomopark.fi\/en\/?s={search_term_string}"},"query-input":{"@type":"PropertyValueSpecification","valueRequired":true,"valueName":"search_term_string"}}],"inLanguage":"en-US"},{"@type":"Organization","@id":"https:\/\/kutomopark.fi\/en\/#organization","name":"Kutomo Business Park","url":"https:\/\/kutomopark.fi\/en\/","logo":{"@type":"ImageObject","inLanguage":"en-US","@id":"https:\/\/kutomopark.fi\/en\/#\/schema\/logo\/image\/","url":"https:\/\/kutomopark.fi\/wp-content\/uploads\/2022\/12\/Kutomo.png","contentUrl":"https:\/\/kutomopark.fi\/wp-content\/uploads\/2022\/12\/Kutomo.png","width":416,"height":210,"caption":"Kutomo Business Park"},"image":{"@id":"https:\/\/kutomopark.fi\/en\/#\/schema\/logo\/image\/"},"sameAs":["https:\/\/www.facebook.com\/pages\/Kutomo-Business-Park\/195405337708972"]}]}},"_links":{"self":[{"href":"https:\/\/kutomopark.fi\/en\/wp-json\/wp\/v2\/pages\/581","targetHints":{"allow":["GET"]}}],"collection":[{"href":"https:\/\/kutomopark.fi\/en\/wp-json\/wp\/v2\/pages"}],"about":[{"href":"https:\/\/kutomopark.fi\/en\/wp-json\/wp\/v2\/types\/page"}],"author":[{"embeddable":true,"href":"https:\/\/kutomopark.fi\/en\/wp-json\/wp\/v2\/users\/1"}],"replies":[{"embeddable":true,"href":"https:\/\/kutomopark.fi\/en\/wp-json\/wp\/v2\/comments?post=581"}],"version-history":[{"count":2,"href":"https:\/\/kutomopark.fi\/en\/wp-json\/wp\/v2\/pages\/581\/revisions"}],"predecessor-version":[{"id":588,"href":"https:\/\/kutomopark.fi\/en\/wp-json\/wp\/v2\/pages\/581\/revisions\/588"}],"wp:attachment":[{"href":"https:\/\/kutomopark.fi\/en\/wp-json\/wp\/v2\/media?parent=581"}],"curies":[{"name":"wp","href":"https:\/\/api.w.org\/{rel}","templated":true}]}}